{"id":2670,"date":"2023-08-22T10:23:01","date_gmt":"2023-08-22T08:23:01","guid":{"rendered":"https:\/\/groupige-international.com\/projetos\/projetos\/parque-eolico-valdejalon\/"},"modified":"2024-05-02T15:27:42","modified_gmt":"2024-05-02T13:27:42","slug":"parque-eolico-valdejalon","status":"publish","type":"page","link":"https:\/\/groupige-international.com\/pt-pt\/projetos\/projetos\/parque-eolico-valdejalon\/","title":{"rendered":"Parque E\u00f3lico Valdejal\u00f3n"},"content":{"rendered":"\t\t<div data-elementor-type=\"wp-page\" data-elementor-id=\"2670\" class=\"elementor elementor-2670 elementor-1260\" data-elementor-post-type=\"page\">\n\t\t\t\t\t\t\t\t\t<section class=\"elementor-section elementor-top-section elementor-element elementor-element-dc85624 elementor-section-height-min-height section_cabecera-proyectos elementor-section-boxed elementor-section-height-default elementor-section-items-middle\" data-id=\"dc85624\" data-element_type=\"section\" data-settings=\"{&quot;background_background&quot;:&quot;classic&quot;}\">\n\t\t\t\t\t\t<div class=\"elementor-container elementor-column-gap-default\">\n\t\t\t\t\t<div class=\"elementor-column elementor-col-100 elementor-top-column elementor-element elementor-element-14cbe9b\" data-id=\"14cbe9b\" data-element_type=\"column\">\n\t\t\t<div class=\"elementor-widget-wrap elementor-element-populated\">\n\t\t\t\t\t\t\t\t<section class=\"elementor-section elementor-inner-section elementor-element elementor-element-544b1d3 elementor-section-full_width elementor-section-height-default elementor-section-height-default\" data-id=\"544b1d3\" data-element_type=\"section\">\n\t\t\t\t\t\t<div class=\"elementor-container elementor-column-gap-default\">\n\t\t\t\t\t<div class=\"elementor-column elementor-col-50 elementor-inner-column elementor-element elementor-element-89a4179\" data-id=\"89a4179\" data-element_type=\"column\" data-settings=\"{&quot;background_background&quot;:&quot;classic&quot;}\">\n\t\t\t<div class=\"elementor-widget-wrap elementor-element-populated\">\n\t\t\t\t\t\t\t\t<div class=\"elementor-element elementor-element-b3a82ee elementor-align-left elementor-widget elementor-widget-button\" data-id=\"b3a82ee\" data-element_type=\"widget\" data-widget_type=\"button.default\">\n\t\t\t\t<div class=\"elementor-widget-container\">\n\t\t\t\t\t<div class=\"elementor-button-wrapper\">\n\t\t\t<a class=\"elementor-button elementor-button-link elementor-size-sm\" href=\"https:\/\/groupige-international.com\/proyectos\/proyectos\/\">\n\t\t\t\t\t\t<span class=\"elementor-button-content-wrapper\">\n\t\t\t\t\t\t<span class=\"elementor-button-icon elementor-align-icon-left\">\n\t\t\t\t<i aria-hidden=\"true\" class=\"fas fa-long-arrow-alt-left\"><\/i>\t\t\t<\/span>\n\t\t\t\t\t\t<span class=\"elementor-button-text\">Projetos - Trabalhos em destaque<\/span>\n\t\t<\/span>\n\t\t\t\t\t<\/a>\n\t\t<\/div>\n\t\t\t\t<\/div>\n\t\t\t\t<\/div>\n\t\t\t\t<div class=\"elementor-element elementor-element-8523c56 elementor-widget elementor-widget-heading\" data-id=\"8523c56\" data-element_type=\"widget\" data-widget_type=\"heading.default\">\n\t\t\t\t<div class=\"elementor-widget-container\">\n\t\t\t<style>\/*! elementor - v3.15.0 - 20-08-2023 *\/\n.elementor-heading-title{padding:0;margin:0;line-height:1}.elementor-widget-heading .elementor-heading-title[class*=elementor-size-]>a{color:inherit;font-size:inherit;line-height:inherit}.elementor-widget-heading .elementor-heading-title.elementor-size-small{font-size:15px}.elementor-widget-heading .elementor-heading-title.elementor-size-medium{font-size:19px}.elementor-widget-heading .elementor-heading-title.elementor-size-large{font-size:29px}.elementor-widget-heading .elementor-heading-title.elementor-size-xl{font-size:39px}.elementor-widget-heading .elementor-heading-title.elementor-size-xxl{font-size:59px}<\/style><h1 class=\"elementor-heading-title elementor-size-default\">Parque E\u00f3lico Valdejal\u00f3n<\/h1>\t\t<\/div>\n\t\t\t\t<\/div>\n\t\t\t\t\t<\/div>\n\t\t<\/div>\n\t\t\t\t<div class=\"elementor-column elementor-col-50 elementor-inner-column elementor-element elementor-element-225fb51\" data-id=\"225fb51\" data-element_type=\"column\">\n\t\t\t<div class=\"elementor-widget-wrap\">\n\t\t\t\t\t\t\t\t\t<\/div>\n\t\t<\/div>\n\t\t\t\t\t\t\t<\/div>\n\t\t<\/section>\n\t\t\t\t\t<\/div>\n\t\t<\/div>\n\t\t\t\t\t\t\t<\/div>\n\t\t<\/section>\n\t\t\t\t<section class=\"elementor-section elementor-top-section elementor-element elementor-element-e80796d elementor-section-full_width elementor-section-height-default elementor-section-height-default\" data-id=\"e80796d\" data-element_type=\"section\">\n\t\t\t\t\t\t<div class=\"elementor-container elementor-column-gap-no\">\n\t\t\t\t\t<div class=\"elementor-column elementor-col-50 elementor-top-column elementor-element elementor-element-78e6178\" data-id=\"78e6178\" data-element_type=\"column\" data-settings=\"{&quot;background_background&quot;:&quot;classic&quot;}\">\n\t\t\t<div class=\"elementor-widget-wrap elementor-element-populated\">\n\t\t\t\t\t\t\t\t<div class=\"elementor-element elementor-element-46d1905 elementor-list-item-link-inline elementor-icon-list--layout-traditional elementor-widget elementor-widget-icon-list\" data-id=\"46d1905\" data-element_type=\"widget\" data-widget_type=\"icon-list.default\">\n\t\t\t\t<div class=\"elementor-widget-container\">\n\t\t\t<link rel=\"stylesheet\" href=\"https:\/\/groupige-international.com\/wp-content\/uploads\/elementor\/css\/custom-widget-icon-list.min.css?ver=1696320568\">\t\t<ul class=\"elementor-icon-list-items\">\n\t\t\t\t\t\t\t<li class=\"elementor-icon-list-item\">\n\t\t\t\t\t\t\t\t\t\t\t<span class=\"elementor-icon-list-icon\">\n\t\t\t\t\t\t\t<i aria-hidden=\"true\" class=\"fas fa-map-marker-alt\"><\/i>\t\t\t\t\t\t<\/span>\n\t\t\t\t\t\t\t\t\t\t<span class=\"elementor-icon-list-text\">Localiza\u00e7\u00e3o: La Muela, Zaragoza, Espanha<\/span>\n\t\t\t\t\t\t\t\t\t<\/li>\n\t\t\t\t\t\t\t\t<li class=\"elementor-icon-list-item\">\n\t\t\t\t\t\t\t\t\t\t\t<span class=\"elementor-icon-list-icon\">\n\t\t\t\t\t\t\t<i aria-hidden=\"true\" class=\"fas fa-users\"><\/i>\t\t\t\t\t\t<\/span>\n\t\t\t\t\t\t\t\t\t\t<span class=\"elementor-icon-list-text\">Cliente: GES \/ CIP<\/span>\n\t\t\t\t\t\t\t\t\t<\/li>\n\t\t\t\t\t\t\t\t<li class=\"elementor-icon-list-item\">\n\t\t\t\t\t\t\t\t\t\t\t<span class=\"elementor-icon-list-icon\">\n\t\t\t\t\t\t\t<i aria-hidden=\"true\" class=\"fas fa-lightbulb\"><\/i>\t\t\t\t\t\t<\/span>\n\t\t\t\t\t\t\t\t\t\t<span class=\"elementor-icon-list-text\">Capacidade Instalada: 132.2 MW<\/span>\n\t\t\t\t\t\t\t\t\t<\/li>\n\t\t\t\t\t\t\t\t<li class=\"elementor-icon-list-item\">\n\t\t\t\t\t\t\t\t\t\t\t<span class=\"elementor-icon-list-icon\">\n\t\t\t\t\t\t\t<i aria-hidden=\"true\" class=\"fas fa-globe\"><\/i>\t\t\t\t\t\t<\/span>\n\t\t\t\t\t\t\t\t\t\t<span class=\"elementor-icon-list-text\">Ano de implementa\u00e7\u00e3o: 2019<\/span>\n\t\t\t\t\t\t\t\t\t<\/li>\n\t\t\t\t\t\t<\/ul>\n\t\t\t\t<\/div>\n\t\t\t\t<\/div>\n\t\t\t\t\t<\/div>\n\t\t<\/div>\n\t\t\t\t<div class=\"elementor-column elementor-col-50 elementor-top-column elementor-element elementor-element-047b0b1\" data-id=\"047b0b1\" data-element_type=\"column\" data-settings=\"{&quot;background_background&quot;:&quot;classic&quot;}\">\n\t\t\t<div class=\"elementor-widget-wrap elementor-element-populated\">\n\t\t\t\t\t\t\t\t<div class=\"elementor-element elementor-element-bf7d764 elementor-list-item-link-inline elementor-icon-list--layout-traditional elementor-widget elementor-widget-icon-list\" data-id=\"bf7d764\" data-element_type=\"widget\" data-widget_type=\"icon-list.default\">\n\t\t\t\t<div class=\"elementor-widget-container\">\n\t\t\t\t\t<ul class=\"elementor-icon-list-items\">\n\t\t\t\t\t\t\t<li class=\"elementor-icon-list-item\">\n\t\t\t\t\t\t\t\t\t\t\t<span class=\"elementor-icon-list-icon\">\n\t\t\t\t\t\t\t<i aria-hidden=\"true\" class=\"fas fa-cog\"><\/i>\t\t\t\t\t\t<\/span>\n\t\t\t\t\t\t\t\t\t\t<span class=\"elementor-icon-list-text\">Trabalho desenvolvido (Civil BoP)<\/span>\n\t\t\t\t\t\t\t\t\t<\/li>\n\t\t\t\t\t\t\t\t<li class=\"elementor-icon-list-item\">\n\t\t\t\t\t\t\t\t\t\t<span class=\"elementor-icon-list-text\">Obra Civil (Acessos, plataformas e funda\u00e7\u00f5es)<\/span>\n\t\t\t\t\t\t\t\t\t<\/li>\n\t\t\t\t\t\t\t\t<li class=\"elementor-icon-list-item\">\n\t\t\t\t\t\t\t\t\t\t<span class=\"elementor-icon-list-text\">Drenagens<\/span>\n\t\t\t\t\t\t\t\t\t<\/li>\n\t\t\t\t\t\t\t\t<li class=\"elementor-icon-list-item\">\n\t\t\t\t\t\t\t\t\t\t<span class=\"elementor-icon-list-text\">Rede M\u00e9dia Tens\u00e3o<\/span>\n\t\t\t\t\t\t\t\t\t<\/li>\n\t\t\t\t\t\t\t\t<li class=\"elementor-icon-list-item\">\n\t\t\t\t\t\t\t\t\t\t<span class=\"elementor-icon-list-text\">Requalifica\u00e7\u00e3o Ambiental<\/span>\n\t\t\t\t\t\t\t\t\t<\/li>\n\t\t\t\t\t\t\t\t<li class=\"elementor-icon-list-item\">\n\t\t\t\t\t\t\t\t\t\t<span class=\"elementor-icon-list-text\"> Subesta\u00e7\u00e3o e Edif\u00edcio de Controlo<\/span>\n\t\t\t\t\t\t\t\t\t<\/li>\n\t\t\t\t\t\t<\/ul>\n\t\t\t\t<\/div>\n\t\t\t\t<\/div>\n\t\t\t\t\t<\/div>\n\t\t<\/div>\n\t\t\t\t\t\t\t<\/div>\n\t\t<\/section>\n\t\t\t\t<section class=\"elementor-section elementor-top-section elementor-element elementor-element-33b2513 elementor-section-full_width elementor-section-height-default elementor-section-height-default\" data-id=\"33b2513\" data-element_type=\"section\">\n\t\t\t\t\t\t<div class=\"elementor-container elementor-column-gap-no\">\n\t\t\t\t\t<div class=\"elementor-column elementor-col-50 elementor-top-column elementor-element elementor-element-3222841\" data-id=\"3222841\" data-element_type=\"column\">\n\t\t\t<div class=\"elementor-widget-wrap elementor-element-populated\">\n\t\t\t\t\t\t\t\t<div class=\"elementor-element elementor-element-dc714c9 elementor-widget elementor-widget-image\" data-id=\"dc714c9\" data-element_type=\"widget\" data-widget_type=\"image.default\">\n\t\t\t\t<div class=\"elementor-widget-container\">\n\t\t\t<style>\/*! elementor - v3.15.0 - 20-08-2023 *\/\n.elementor-widget-image{text-align:center}.elementor-widget-image a{display:inline-block}.elementor-widget-image a img[src$=\".svg\"]{width:48px}.elementor-widget-image img{vertical-align:middle;display:inline-block}<\/style>\t\t\t\t\t\t\t\t\t\t\t\t<img decoding=\"async\" loading=\"lazy\" width=\"960\" height=\"597\" src=\"https:\/\/groupige-international.com\/wp-content\/uploads\/2023\/08\/valdejalon-2.jpg\" class=\"attachment-full size-full wp-image-1268\" alt=\"groupIGE\" srcset=\"https:\/\/groupige-international.com\/wp-content\/uploads\/2023\/08\/valdejalon-2.jpg 960w, https:\/\/groupige-international.com\/wp-content\/uploads\/2023\/08\/valdejalon-2-300x187.jpg 300w, https:\/\/groupige-international.com\/wp-content\/uploads\/2023\/08\/valdejalon-2-768x478.jpg 768w\" sizes=\"(max-width: 960px) 100vw, 960px\" \/>\t\t\t\t\t\t\t\t\t\t\t\t\t\t\t<\/div>\n\t\t\t\t<\/div>\n\t\t\t\t\t<\/div>\n\t\t<\/div>\n\t\t\t\t<div class=\"elementor-column elementor-col-50 elementor-top-column elementor-element elementor-element-337a5e1\" data-id=\"337a5e1\" data-element_type=\"column\">\n\t\t\t<div class=\"elementor-widget-wrap elementor-element-populated\">\n\t\t\t\t\t\t\t\t<div class=\"elementor-element elementor-element-c3bec78 elementor-widget elementor-widget-image\" data-id=\"c3bec78\" data-element_type=\"widget\" data-widget_type=\"image.default\">\n\t\t\t\t<div class=\"elementor-widget-container\">\n\t\t\t\t\t\t\t\t\t\t\t\t\t\t\t<img decoding=\"async\" loading=\"lazy\" width=\"960\" height=\"597\" src=\"https:\/\/groupige-international.com\/wp-content\/uploads\/2023\/08\/valdejalon-1.jpg\" class=\"attachment-full size-full wp-image-1265\" alt=\"groupIGE\" srcset=\"https:\/\/groupige-international.com\/wp-content\/uploads\/2023\/08\/valdejalon-1.jpg 960w, https:\/\/groupige-international.com\/wp-content\/uploads\/2023\/08\/valdejalon-1-300x187.jpg 300w, https:\/\/groupige-international.com\/wp-content\/uploads\/2023\/08\/valdejalon-1-768x478.jpg 768w\" sizes=\"(max-width: 960px) 100vw, 960px\" \/>\t\t\t\t\t\t\t\t\t\t\t\t\t\t\t<\/div>\n\t\t\t\t<\/div>\n\t\t\t\t\t<\/div>\n\t\t<\/div>\n\t\t\t\t\t\t\t<\/div>\n\t\t<\/section>\n\t\t\t\t<section class=\"elementor-section elementor-top-section elementor-element elementor-element-67eda03 elementor-section-full_width elementor-section-height-default elementor-section-height-default\" data-id=\"67eda03\" data-element_type=\"section\">\n\t\t\t\t\t\t<div class=\"elementor-container elementor-column-gap-default\">\n\t\t\t\t\t<div class=\"elementor-column elementor-col-100 elementor-top-column elementor-element elementor-element-686a799\" data-id=\"686a799\" data-element_type=\"column\">\n\t\t\t<div class=\"elementor-widget-wrap elementor-element-populated\">\n\t\t\t\t\t\t\t\t<div class=\"elementor-element elementor-element-b6ffcea section_video-home elementor-widget elementor-widget-video\" data-id=\"b6ffcea\" data-element_type=\"widget\" data-settings=\"{&quot;show_image_overlay&quot;:&quot;yes&quot;,&quot;image_overlay&quot;:{&quot;url&quot;:&quot;https:\\\/\\\/groupige-international.com\\\/wp-content\\\/uploads\\\/2023\\\/08\\\/test-play2.png&quot;,&quot;id&quot;:1465,&quot;size&quot;:&quot;&quot;,&quot;alt&quot;:&quot;&quot;,&quot;source&quot;:&quot;library&quot;},&quot;video_type&quot;:&quot;hosted&quot;,&quot;controls&quot;:&quot;yes&quot;}\" data-widget_type=\"video.default\">\n\t\t\t\t<div class=\"elementor-widget-container\">\n\t\t\t<style>\/*! elementor - v3.15.0 - 20-08-2023 *\/\n.elementor-widget-video .elementor-widget-container{overflow:hidden;transform:translateZ(0)}.elementor-widget-video .elementor-wrapper{aspect-ratio:var(--video-aspect-ratio)}.elementor-widget-video .elementor-wrapper iframe,.elementor-widget-video .elementor-wrapper video{height:100%;width:100%;display:flex;border:none;background-color:#000}@supports not (aspect-ratio:1\/1){.elementor-widget-video .elementor-wrapper{position:relative;overflow:hidden;height:0;padding-bottom:calc(100% \/ var(--video-aspect-ratio))}.elementor-widget-video .elementor-wrapper iframe,.elementor-widget-video .elementor-wrapper video{position:absolute;top:0;right:0;bottom:0;left:0}}.elementor-widget-video .elementor-open-inline .elementor-custom-embed-image-overlay{position:absolute;top:0;right:0;bottom:0;left:0;background-size:cover;background-position:50%}.elementor-widget-video .elementor-custom-embed-image-overlay{cursor:pointer;text-align:center}.elementor-widget-video .elementor-custom-embed-image-overlay:hover .elementor-custom-embed-play i{opacity:1}.elementor-widget-video .elementor-custom-embed-image-overlay img{display:block;width:100%;aspect-ratio:var(--video-aspect-ratio);-o-object-fit:cover;object-fit:cover;-o-object-position:center center;object-position:center center}@supports not (aspect-ratio:1\/1){.elementor-widget-video .elementor-custom-embed-image-overlay{position:relative;overflow:hidden;height:0;padding-bottom:calc(100% \/ var(--video-aspect-ratio))}.elementor-widget-video .elementor-custom-embed-image-overlay img{position:absolute;top:0;right:0;bottom:0;left:0}}.elementor-widget-video .e-hosted-video .elementor-video{-o-object-fit:cover;object-fit:cover}.e-con-inner>.elementor-widget-video,.e-con>.elementor-widget-video{width:var(--container-widget-width);--flex-grow:var(--container-widget-flex-grow)}<\/style>\t\t<div class=\"e-hosted-video elementor-wrapper elementor-open-inline\">\n\t\t\t\t\t<video class=\"elementor-video\" src=\"https:\/\/groupige-international.com\/wp-content\/uploads\/2023\/08\/valdejalon.mp4\" controls=\"\" preload=\"metadata\" controlsList=\"nodownload\"><\/video>\n\t\t\t\t\t\t<div class=\"elementor-custom-embed-image-overlay\" style=\"background-image: url(https:\/\/groupige-international.com\/wp-content\/uploads\/2023\/08\/test-play2.png);\">\n\t\t\t\t\t\t\t\t\t\t\t\t\t\t<\/div>\n\t\t\t\t\t<\/div>\n\t\t\t\t<\/div>\n\t\t\t\t<\/div>\n\t\t\t\t\t<\/div>\n\t\t<\/div>\n\t\t\t\t\t\t\t<\/div>\n\t\t<\/section>\n\t\t\t\t\t\t\t<\/div>\n\t\t","protected":false},"excerpt":{"rendered":"<p>Europa, Espanha<\/p>\n","protected":false},"author":1,"featured_media":1316,"parent":2586,"menu_order":0,"comment_status":"closed","ping_status":"closed","template":"","meta":{"footnotes":""},"acf":[],"yoast_head":"<!-- This site is optimized with the Yoast SEO Premium plugin v20.3 (Yoast SEO v21.1) - https:\/\/yoast.com\/wordpress\/plugins\/seo\/ -->\n<title>Parque E\u00f3lico Valdejal\u00f3n - groupIGE<\/title>\n<meta name=\"robots\" content=\"index, follow, max-snippet:-1, max-image-preview:large, max-video-preview:-1\" \/>\n<link rel=\"canonical\" href=\"https:\/\/groupige-international.com\/pt-pt\/projetos\/projetos\/parque-eolico-valdejalon\/\" \/>\n<meta property=\"og:locale\" content=\"pt_PT\" \/>\n<meta property=\"og:type\" content=\"article\" \/>\n<meta property=\"og:title\" content=\"Parque E\u00f3lico Valdejal\u00f3n\" \/>\n<meta property=\"og:description\" content=\"Europa, Espanha\" \/>\n<meta property=\"og:url\" content=\"https:\/\/groupige-international.com\/pt-pt\/projetos\/projetos\/parque-eolico-valdejalon\/\" \/>\n<meta property=\"og:site_name\" content=\"groupIGE\" \/>\n<meta property=\"article:modified_time\" content=\"2024-05-02T13:27:42+00:00\" \/>\n<meta property=\"og:image\" content=\"https:\/\/groupige-international.com\/wp-content\/uploads\/2023\/08\/proyecto-valdejalon.jpg\" \/>\n\t<meta property=\"og:image:width\" content=\"533\" \/>\n\t<meta property=\"og:image:height\" content=\"326\" \/>\n\t<meta property=\"og:image:type\" content=\"image\/jpeg\" \/>\n<meta name=\"twitter:card\" content=\"summary_large_image\" \/>\n<meta name=\"twitter:label1\" content=\"Tempo estimado de leitura\" \/>\n\t<meta name=\"twitter:data1\" content=\"1 minuto\" \/>\n<script type=\"application\/ld+json\" class=\"yoast-schema-graph\">{\"@context\":\"https:\/\/schema.org\",\"@graph\":[{\"@type\":\"WebPage\",\"@id\":\"https:\/\/groupige-international.com\/pt-pt\/projetos\/projetos\/parque-eolico-valdejalon\/\",\"url\":\"https:\/\/groupige-international.com\/pt-pt\/projetos\/projetos\/parque-eolico-valdejalon\/\",\"name\":\"Parque E\u00f3lico Valdejal\u00f3n - groupIGE\",\"isPartOf\":{\"@id\":\"https:\/\/groupige-international.com\/pt-pt\/#website\"},\"datePublished\":\"2023-08-22T08:23:01+00:00\",\"dateModified\":\"2024-05-02T13:27:42+00:00\",\"breadcrumb\":{\"@id\":\"https:\/\/groupige-international.com\/pt-pt\/projetos\/projetos\/parque-eolico-valdejalon\/#breadcrumb\"},\"inLanguage\":\"pt-PT\",\"potentialAction\":[{\"@type\":\"ReadAction\",\"target\":[\"https:\/\/groupige-international.com\/pt-pt\/projetos\/projetos\/parque-eolico-valdejalon\/\"]}]},{\"@type\":\"BreadcrumbList\",\"@id\":\"https:\/\/groupige-international.com\/pt-pt\/projetos\/projetos\/parque-eolico-valdejalon\/#breadcrumb\",\"itemListElement\":[{\"@type\":\"ListItem\",\"position\":1,\"name\":\"Portada\",\"item\":\"https:\/\/groupige-international.com\/pt-pt\/\"},{\"@type\":\"ListItem\",\"position\":2,\"name\":\"Projetos\",\"item\":\"https:\/\/groupige-international.com\/pt-pt\/projetos\/\"},{\"@type\":\"ListItem\",\"position\":3,\"name\":\"Projetos\",\"item\":\"https:\/\/groupige-international.com\/pt-pt\/proyectos\/proyectos\/\"},{\"@type\":\"ListItem\",\"position\":4,\"name\":\"Parque E\u00f3lico Valdejal\u00f3n\"}]},{\"@type\":\"WebSite\",\"@id\":\"https:\/\/groupige-international.com\/pt-pt\/#website\",\"url\":\"https:\/\/groupige-international.com\/pt-pt\/\",\"name\":\"groupIGE\",\"description\":\"\",\"publisher\":{\"@id\":\"https:\/\/groupige-international.com\/pt-pt\/#organization\"},\"potentialAction\":[{\"@type\":\"SearchAction\",\"target\":{\"@type\":\"EntryPoint\",\"urlTemplate\":\"https:\/\/groupige-international.com\/pt-pt\/?s={search_term_string}\"},\"query-input\":\"required name=search_term_string\"}],\"inLanguage\":\"pt-PT\"},{\"@type\":\"Organization\",\"@id\":\"https:\/\/groupige-international.com\/pt-pt\/#organization\",\"name\":\"groupIGE\",\"url\":\"https:\/\/groupige-international.com\/pt-pt\/\",\"logo\":{\"@type\":\"ImageObject\",\"inLanguage\":\"pt-PT\",\"@id\":\"https:\/\/groupige-international.com\/pt-pt\/#\/schema\/logo\/image\/\",\"url\":\"https:\/\/groupige-international.com\/wp-content\/uploads\/2024\/05\/groupigegooglec.jpg\",\"contentUrl\":\"https:\/\/groupige-international.com\/wp-content\/uploads\/2024\/05\/groupigegooglec.jpg\",\"width\":768,\"height\":768,\"caption\":\"groupIGE\"},\"image\":{\"@id\":\"https:\/\/groupige-international.com\/pt-pt\/#\/schema\/logo\/image\/\"}}]}<\/script>\n<!-- \/ Yoast SEO Premium plugin. -->","yoast_head_json":{"title":"Parque E\u00f3lico Valdejal\u00f3n - groupIGE","robots":{"index":"index","follow":"follow","max-snippet":"max-snippet:-1","max-image-preview":"max-image-preview:large","max-video-preview":"max-video-preview:-1"},"canonical":"https:\/\/groupige-international.com\/pt-pt\/projetos\/projetos\/parque-eolico-valdejalon\/","og_locale":"pt_PT","og_type":"article","og_title":"Parque E\u00f3lico Valdejal\u00f3n","og_description":"Europa, Espanha","og_url":"https:\/\/groupige-international.com\/pt-pt\/projetos\/projetos\/parque-eolico-valdejalon\/","og_site_name":"groupIGE","article_modified_time":"2024-05-02T13:27:42+00:00","og_image":[{"width":533,"height":326,"url":"https:\/\/groupige-international.com\/wp-content\/uploads\/2023\/08\/proyecto-valdejalon.jpg","type":"image\/jpeg"}],"twitter_card":"summary_large_image","twitter_misc":{"Tempo estimado de leitura":"1 minuto"},"schema":{"@context":"https:\/\/schema.org","@graph":[{"@type":"WebPage","@id":"https:\/\/groupige-international.com\/pt-pt\/projetos\/projetos\/parque-eolico-valdejalon\/","url":"https:\/\/groupige-international.com\/pt-pt\/projetos\/projetos\/parque-eolico-valdejalon\/","name":"Parque E\u00f3lico Valdejal\u00f3n - groupIGE","isPartOf":{"@id":"https:\/\/groupige-international.com\/pt-pt\/#website"},"datePublished":"2023-08-22T08:23:01+00:00","dateModified":"2024-05-02T13:27:42+00:00","breadcrumb":{"@id":"https:\/\/groupige-international.com\/pt-pt\/projetos\/projetos\/parque-eolico-valdejalon\/#breadcrumb"},"inLanguage":"pt-PT","potentialAction":[{"@type":"ReadAction","target":["https:\/\/groupige-international.com\/pt-pt\/projetos\/projetos\/parque-eolico-valdejalon\/"]}]},{"@type":"BreadcrumbList","@id":"https:\/\/groupige-international.com\/pt-pt\/projetos\/projetos\/parque-eolico-valdejalon\/#breadcrumb","itemListElement":[{"@type":"ListItem","position":1,"name":"Portada","item":"https:\/\/groupige-international.com\/pt-pt\/"},{"@type":"ListItem","position":2,"name":"Projetos","item":"https:\/\/groupige-international.com\/pt-pt\/projetos\/"},{"@type":"ListItem","position":3,"name":"Projetos","item":"https:\/\/groupige-international.com\/pt-pt\/proyectos\/proyectos\/"},{"@type":"ListItem","position":4,"name":"Parque E\u00f3lico Valdejal\u00f3n"}]},{"@type":"WebSite","@id":"https:\/\/groupige-international.com\/pt-pt\/#website","url":"https:\/\/groupige-international.com\/pt-pt\/","name":"groupIGE","description":"","publisher":{"@id":"https:\/\/groupige-international.com\/pt-pt\/#organization"},"potentialAction":[{"@type":"SearchAction","target":{"@type":"EntryPoint","urlTemplate":"https:\/\/groupige-international.com\/pt-pt\/?s={search_term_string}"},"query-input":"required name=search_term_string"}],"inLanguage":"pt-PT"},{"@type":"Organization","@id":"https:\/\/groupige-international.com\/pt-pt\/#organization","name":"groupIGE","url":"https:\/\/groupige-international.com\/pt-pt\/","logo":{"@type":"ImageObject","inLanguage":"pt-PT","@id":"https:\/\/groupige-international.com\/pt-pt\/#\/schema\/logo\/image\/","url":"https:\/\/groupige-international.com\/wp-content\/uploads\/2024\/05\/groupigegooglec.jpg","contentUrl":"https:\/\/groupige-international.com\/wp-content\/uploads\/2024\/05\/groupigegooglec.jpg","width":768,"height":768,"caption":"groupIGE"},"image":{"@id":"https:\/\/groupige-international.com\/pt-pt\/#\/schema\/logo\/image\/"}}]}},"_links":{"self":[{"href":"https:\/\/groupige-international.com\/pt-pt\/wp-json\/wp\/v2\/pages\/2670"}],"collection":[{"href":"https:\/\/groupige-international.com\/pt-pt\/wp-json\/wp\/v2\/pages"}],"about":[{"href":"https:\/\/groupige-international.com\/pt-pt\/wp-json\/wp\/v2\/types\/page"}],"author":[{"embeddable":true,"href":"https:\/\/groupige-international.com\/pt-pt\/wp-json\/wp\/v2\/users\/1"}],"replies":[{"embeddable":true,"href":"https:\/\/groupige-international.com\/pt-pt\/wp-json\/wp\/v2\/comments?post=2670"}],"version-history":[{"count":7,"href":"https:\/\/groupige-international.com\/pt-pt\/wp-json\/wp\/v2\/pages\/2670\/revisions"}],"predecessor-version":[{"id":3293,"href":"https:\/\/groupige-international.com\/pt-pt\/wp-json\/wp\/v2\/pages\/2670\/revisions\/3293"}],"up":[{"embeddable":true,"href":"https:\/\/groupige-international.com\/pt-pt\/wp-json\/wp\/v2\/pages\/2586"}],"wp:featuredmedia":[{"embeddable":true,"href":"https:\/\/groupige-international.com\/pt-pt\/wp-json\/wp\/v2\/media\/1316"}],"wp:attachment":[{"href":"https:\/\/groupige-international.com\/pt-pt\/wp-json\/wp\/v2\/media?parent=2670"}],"curies":[{"name":"wp","href":"https:\/\/api.w.org\/{rel}","templated":true}]}}