{"id":2488,"date":"2023-08-17T11:56:44","date_gmt":"2023-08-17T09:56:44","guid":{"rendered":"https:\/\/groupige-international.com\/sala-de-imprensa\/redes-sociales\/"},"modified":"2023-10-04T10:02:39","modified_gmt":"2023-10-04T08:02:39","slug":"redes-sociais","status":"publish","type":"page","link":"https:\/\/groupige-international.com\/pt-pt\/sala-de-imprensa\/redes-sociais\/","title":{"rendered":"Redes sociais"},"content":{"rendered":"\t\t<div data-elementor-type=\"wp-page\" data-elementor-id=\"2488\" class=\"elementor elementor-2488 elementor-113\" data-elementor-post-type=\"page\">\n\t\t\t\t\t\t\t\t\t<section class=\"elementor-section elementor-top-section elementor-element elementor-element-6157667 elementor-section-height-min-height elementor-section-boxed elementor-section-height-default elementor-section-items-middle\" data-id=\"6157667\" data-element_type=\"section\" data-settings=\"{&quot;background_background&quot;:&quot;classic&quot;}\">\n\t\t\t\t\t\t<div class=\"elementor-container elementor-column-gap-default\">\n\t\t\t\t\t<div class=\"elementor-column elementor-col-100 elementor-top-column elementor-element elementor-element-249419c\" data-id=\"249419c\" data-element_type=\"column\">\n\t\t\t<div class=\"elementor-widget-wrap elementor-element-populated\">\n\t\t\t\t\t\t\t\t<section class=\"elementor-section elementor-inner-section elementor-element elementor-element-69382c5 elementor-section-full_width elementor-section-height-default elementor-section-height-default\" data-id=\"69382c5\" data-element_type=\"section\">\n\t\t\t\t\t\t<div class=\"elementor-container elementor-column-gap-default\">\n\t\t\t\t\t<div class=\"elementor-column elementor-col-50 elementor-inner-column elementor-element elementor-element-9c25d5a\" data-id=\"9c25d5a\" data-element_type=\"column\" data-settings=\"{&quot;background_background&quot;:&quot;classic&quot;}\">\n\t\t\t<div class=\"elementor-widget-wrap elementor-element-populated\">\n\t\t\t\t\t\t\t\t<div class=\"elementor-element elementor-element-9862dad elementor-widget elementor-widget-heading\" data-id=\"9862dad\" data-element_type=\"widget\" data-widget_type=\"heading.default\">\n\t\t\t\t<div class=\"elementor-widget-container\">\n\t\t\t<style>\/*! elementor - v3.15.0 - 20-08-2023 *\/\n.elementor-heading-title{padding:0;margin:0;line-height:1}.elementor-widget-heading .elementor-heading-title[class*=elementor-size-]>a{color:inherit;font-size:inherit;line-height:inherit}.elementor-widget-heading .elementor-heading-title.elementor-size-small{font-size:15px}.elementor-widget-heading .elementor-heading-title.elementor-size-medium{font-size:19px}.elementor-widget-heading .elementor-heading-title.elementor-size-large{font-size:29px}.elementor-widget-heading .elementor-heading-title.elementor-size-xl{font-size:39px}.elementor-widget-heading .elementor-heading-title.elementor-size-xxl{font-size:59px}<\/style><h4 class=\"elementor-heading-title elementor-size-default\">sala de prensaSala de imprensa<\/h4>\t\t<\/div>\n\t\t\t\t<\/div>\n\t\t\t\t<div class=\"elementor-element elementor-element-2143164 elementor-widget elementor-widget-heading\" data-id=\"2143164\" data-element_type=\"widget\" data-widget_type=\"heading.default\">\n\t\t\t\t<div class=\"elementor-widget-container\">\n\t\t\t<h1 class=\"elementor-heading-title elementor-size-default\">Redes sociais<\/h1>\t\t<\/div>\n\t\t\t\t<\/div>\n\t\t\t\t<div class=\"elementor-element elementor-element-8baab26 elementor-widget elementor-widget-heading\" data-id=\"8baab26\" data-element_type=\"widget\" data-widget_type=\"heading.default\">\n\t\t\t\t<div class=\"elementor-widget-container\">\n\t\t\t<h2 class=\"elementor-heading-title elementor-size-default\">No Grupo IGE queremos contar-lhe muito mais coisas. Siga-nos!<\/h2>\t\t<\/div>\n\t\t\t\t<\/div>\n\t\t\t\t\t<\/div>\n\t\t<\/div>\n\t\t\t\t<div class=\"elementor-column elementor-col-50 elementor-inner-column elementor-element elementor-element-bc33402\" data-id=\"bc33402\" data-element_type=\"column\">\n\t\t\t<div class=\"elementor-widget-wrap\">\n\t\t\t\t\t\t\t\t\t<\/div>\n\t\t<\/div>\n\t\t\t\t\t\t\t<\/div>\n\t\t<\/section>\n\t\t\t\t\t<\/div>\n\t\t<\/div>\n\t\t\t\t\t\t\t<\/div>\n\t\t<\/section>\n\t\t\t\t<section class=\"elementor-section elementor-top-section elementor-element elementor-element-91bc9f2 elementor-section-boxed elementor-section-height-default elementor-section-height-default\" data-id=\"91bc9f2\" data-element_type=\"section\">\n\t\t\t\t\t\t<div class=\"elementor-container elementor-column-gap-wider\">\n\t\t\t\t\t<div class=\"elementor-column elementor-col-33 elementor-top-column elementor-element elementor-element-06eb4cf\" data-id=\"06eb4cf\" data-element_type=\"column\">\n\t\t\t<div class=\"elementor-widget-wrap elementor-element-populated\">\n\t\t\t\t\t\t\t\t<div class=\"elementor-element elementor-element-899553d elementor-widget elementor-widget-image\" data-id=\"899553d\" data-element_type=\"widget\" data-widget_type=\"image.default\">\n\t\t\t\t<div class=\"elementor-widget-container\">\n\t\t\t<style>\/*! elementor - v3.15.0 - 20-08-2023 *\/\n.elementor-widget-image{text-align:center}.elementor-widget-image a{display:inline-block}.elementor-widget-image a img[src$=\".svg\"]{width:48px}.elementor-widget-image img{vertical-align:middle;display:inline-block}<\/style>\t\t\t\t\t\t\t\t\t\t\t\t\t<a href=\"https:\/\/www.linkedin.com\/company\/groupige-international\/\" target=\"_blank\">\n\t\t\t\t\t\t\t<img decoding=\"async\" loading=\"lazy\" width=\"429\" height=\"280\" src=\"https:\/\/groupige-international.com\/wp-content\/uploads\/2023\/08\/linkedin.jpg\" class=\"attachment-full size-full wp-image-1620\" alt=\"groupIGE\" srcset=\"https:\/\/groupige-international.com\/wp-content\/uploads\/2023\/08\/linkedin.jpg 429w, https:\/\/groupige-international.com\/wp-content\/uploads\/2023\/08\/linkedin-300x196.jpg 300w\" sizes=\"(max-width: 429px) 100vw, 429px\" \/>\t\t\t\t\t\t\t\t<\/a>\n\t\t\t\t\t\t\t\t\t\t\t\t\t\t\t<\/div>\n\t\t\t\t<\/div>\n\t\t\t\t<div class=\"elementor-element elementor-element-0c30a0c title_con-flecha elementor-widget elementor-widget-heading\" data-id=\"0c30a0c\" data-element_type=\"widget\" data-widget_type=\"heading.default\">\n\t\t\t\t<div class=\"elementor-widget-container\">\n\t\t\t<h2 class=\"elementor-heading-title elementor-size-default\"><a href=\"https:\/\/www.linkedin.com\/company\/groupige-international\/\" target=\"_blank\">Linkedin<\/a><\/h2>\t\t<\/div>\n\t\t\t\t<\/div>\n\t\t\t\t<div class=\"elementor-element elementor-element-c9fd96e elementor-widget elementor-widget-text-editor\" data-id=\"c9fd96e\" data-element_type=\"widget\" data-widget_type=\"text-editor.default\">\n\t\t\t\t<div class=\"elementor-widget-container\">\n\t\t\t<style>\/*! elementor - v3.15.0 - 20-08-2023 *\/\n.elementor-widget-text-editor.elementor-drop-cap-view-stacked .elementor-drop-cap{background-color:#69727d;color:#fff}.elementor-widget-text-editor.elementor-drop-cap-view-framed .elementor-drop-cap{color:#69727d;border:3px solid;background-color:transparent}.elementor-widget-text-editor:not(.elementor-drop-cap-view-default) .elementor-drop-cap{margin-top:8px}.elementor-widget-text-editor:not(.elementor-drop-cap-view-default) .elementor-drop-cap-letter{width:1em;height:1em}.elementor-widget-text-editor .elementor-drop-cap{float:left;text-align:center;line-height:1;font-size:50px}.elementor-widget-text-editor .elementor-drop-cap-letter{display:inline-block}<\/style>\t\t\t\t<p>Conecte-se com o Grupo IGE no Linkedin e receba as nossas \u00faltimas not\u00edcias, ofertas de emprego e descubra a cultura da nossa empresa.<\/p>\t\t\t\t\t\t<\/div>\n\t\t\t\t<\/div>\n\t\t\t\t\t<\/div>\n\t\t<\/div>\n\t\t\t\t<div class=\"elementor-column elementor-col-33 elementor-top-column elementor-element elementor-element-8416511\" data-id=\"8416511\" data-element_type=\"column\">\n\t\t\t<div class=\"elementor-widget-wrap elementor-element-populated\">\n\t\t\t\t\t\t\t\t<div class=\"elementor-element elementor-element-d271aa8 elementor-widget elementor-widget-image\" data-id=\"d271aa8\" data-element_type=\"widget\" data-widget_type=\"image.default\">\n\t\t\t\t<div class=\"elementor-widget-container\">\n\t\t\t\t\t\t\t\t\t\t\t\t\t\t\t\t<a href=\"https:\/\/www.instagram.com\/groupigeinternational\/\" target=\"_blank\">\n\t\t\t\t\t\t\t<img decoding=\"async\" loading=\"lazy\" width=\"429\" height=\"280\" src=\"https:\/\/groupige-international.com\/wp-content\/uploads\/2023\/08\/instagram.jpg\" class=\"attachment-full size-full wp-image-1617\" alt=\"groupIGE\" srcset=\"https:\/\/groupige-international.com\/wp-content\/uploads\/2023\/08\/instagram.jpg 429w, https:\/\/groupige-international.com\/wp-content\/uploads\/2023\/08\/instagram-300x196.jpg 300w\" sizes=\"(max-width: 429px) 100vw, 429px\" \/>\t\t\t\t\t\t\t\t<\/a>\n\t\t\t\t\t\t\t\t\t\t\t\t\t\t\t<\/div>\n\t\t\t\t<\/div>\n\t\t\t\t<div class=\"elementor-element elementor-element-77d4d84 title_con-flecha elementor-widget elementor-widget-heading\" data-id=\"77d4d84\" data-element_type=\"widget\" data-widget_type=\"heading.default\">\n\t\t\t\t<div class=\"elementor-widget-container\">\n\t\t\t<h2 class=\"elementor-heading-title elementor-size-default\"><a href=\"https:\/\/www.instagram.com\/groupigeinternational\/\" target=\"_blank\">Instagram<\/a><\/h2>\t\t<\/div>\n\t\t\t\t<\/div>\n\t\t\t\t<div class=\"elementor-element elementor-element-bdb9be2 elementor-widget elementor-widget-text-editor\" data-id=\"bdb9be2\" data-element_type=\"widget\" data-widget_type=\"text-editor.default\">\n\t\t\t\t<div class=\"elementor-widget-container\">\n\t\t\t\t\t\t\t<p>Encontre inspira\u00e7\u00e3o no nosso canal do Instagram e descubra os benef\u00edcios das energias renov\u00e1veis em todo o mundo.<\/p>\t\t\t\t\t\t<\/div>\n\t\t\t\t<\/div>\n\t\t\t\t\t<\/div>\n\t\t<\/div>\n\t\t\t\t<div class=\"elementor-column elementor-col-33 elementor-top-column elementor-element elementor-element-d52cff7\" data-id=\"d52cff7\" data-element_type=\"column\">\n\t\t\t<div class=\"elementor-widget-wrap elementor-element-populated\">\n\t\t\t\t\t\t\t\t<div class=\"elementor-element elementor-element-8eef811 elementor-widget elementor-widget-image\" data-id=\"8eef811\" data-element_type=\"widget\" data-widget_type=\"image.default\">\n\t\t\t\t<div class=\"elementor-widget-container\">\n\t\t\t\t\t\t\t\t\t\t\t\t\t\t\t\t<a href=\"https:\/\/www.facebook.com\/GroupIgeInternational\" target=\"_blank\">\n\t\t\t\t\t\t\t<img decoding=\"async\" loading=\"lazy\" width=\"429\" height=\"280\" src=\"https:\/\/groupige-international.com\/wp-content\/uploads\/2023\/08\/facebook.jpg\" class=\"attachment-full size-full wp-image-1623\" alt=\"groupIGE\" srcset=\"https:\/\/groupige-international.com\/wp-content\/uploads\/2023\/08\/facebook.jpg 429w, https:\/\/groupige-international.com\/wp-content\/uploads\/2023\/08\/facebook-300x196.jpg 300w\" sizes=\"(max-width: 429px) 100vw, 429px\" \/>\t\t\t\t\t\t\t\t<\/a>\n\t\t\t\t\t\t\t\t\t\t\t\t\t\t\t<\/div>\n\t\t\t\t<\/div>\n\t\t\t\t<div class=\"elementor-element elementor-element-1ade6a8 title_con-flecha elementor-widget elementor-widget-heading\" data-id=\"1ade6a8\" data-element_type=\"widget\" data-widget_type=\"heading.default\">\n\t\t\t\t<div class=\"elementor-widget-container\">\n\t\t\t<h2 class=\"elementor-heading-title elementor-size-default\"><a href=\"https:\/\/www.facebook.com\/GroupIgeInternational\" target=\"_blank\">Facebook<\/a><\/h2>\t\t<\/div>\n\t\t\t\t<\/div>\n\t\t\t\t<div class=\"elementor-element elementor-element-96f4ec9 elementor-widget elementor-widget-text-editor\" data-id=\"96f4ec9\" data-element_type=\"widget\" data-widget_type=\"text-editor.default\">\n\t\t\t\t<div class=\"elementor-widget-container\">\n\t\t\t\t\t\t\t<p>Conhe\u00e7a melhor o nosso trabalho, a nossa equipa e todos os nossos projetos atrav\u00e9s das fotos, posts e v\u00eddeos que publicamos na nossa p\u00e1gina.<\/p>\t\t\t\t\t\t<\/div>\n\t\t\t\t<\/div>\n\t\t\t\t\t<\/div>\n\t\t<\/div>\n\t\t\t\t\t\t\t<\/div>\n\t\t<\/section>\n\t\t\t\t\t\t\t<\/div>\n\t\t","protected":false},"excerpt":{"rendered":"<p>sala de prensaSala de imprensa Redes sociais No Grupo IGE queremos contar-lhe muito mais coisas. Siga-nos! Linkedin Conecte-se com o Grupo IGE no Linkedin e receba as nossas \u00faltimas not\u00edcias, ofertas de emprego e descubra a cultura da nossa empresa. Instagram Encontre inspira\u00e7\u00e3o no nosso canal do Instagram e descubra os benef\u00edcios das energias renov\u00e1veis [&hellip;]<\/p>\n","protected":false},"author":1,"featured_media":0,"parent":2481,"menu_order":0,"comment_status":"closed","ping_status":"closed","template":"","meta":{"footnotes":""},"acf":[],"yoast_head":"<!-- This site is optimized with the Yoast SEO Premium plugin v20.3 (Yoast SEO v21.1) - https:\/\/yoast.com\/wordpress\/plugins\/seo\/ -->\n<title>Redes Sociais Group Ige Internacional<\/title>\n<meta name=\"description\" content=\"N\u00e3o perca o dia a dia e as \u00faltimas novidades do Group Ige Internacional nas nossas redes sociales. Visite nosso LinkedIn, Instagram e Facebook!\" \/>\n<meta name=\"robots\" content=\"index, follow, max-snippet:-1, max-image-preview:large, max-video-preview:-1\" \/>\n<link rel=\"canonical\" href=\"https:\/\/groupige-international.com\/pt-pt\/sala-de-imprensa\/redes-sociais\/\" \/>\n<meta property=\"og:locale\" content=\"pt_PT\" \/>\n<meta property=\"og:type\" content=\"article\" \/>\n<meta property=\"og:title\" content=\"Redes sociais\" \/>\n<meta property=\"og:description\" content=\"N\u00e3o perca o dia a dia e as \u00faltimas novidades do Group Ige Internacional nas nossas redes sociales. Visite nosso LinkedIn, Instagram e Facebook!\" \/>\n<meta property=\"og:url\" content=\"https:\/\/groupige-international.com\/pt-pt\/sala-de-imprensa\/redes-sociais\/\" \/>\n<meta property=\"og:site_name\" content=\"groupIGE\" \/>\n<meta property=\"article:modified_time\" content=\"2023-10-04T08:02:39+00:00\" \/>\n<meta property=\"og:image\" content=\"https:\/\/groupige-international.com\/wp-content\/uploads\/2023\/08\/linkedin.jpg\" \/>\n<meta name=\"twitter:card\" content=\"summary_large_image\" \/>\n<meta name=\"twitter:label1\" content=\"Tempo estimado de leitura\" \/>\n\t<meta name=\"twitter:data1\" content=\"1 minuto\" \/>\n<script type=\"application\/ld+json\" class=\"yoast-schema-graph\">{\"@context\":\"https:\/\/schema.org\",\"@graph\":[{\"@type\":\"WebPage\",\"@id\":\"https:\/\/groupige-international.com\/pt-pt\/sala-de-imprensa\/redes-sociais\/\",\"url\":\"https:\/\/groupige-international.com\/pt-pt\/sala-de-imprensa\/redes-sociais\/\",\"name\":\"Redes Sociais Group Ige Internacional\",\"isPartOf\":{\"@id\":\"https:\/\/groupige-international.com\/pt-pt\/#website\"},\"datePublished\":\"2023-08-17T09:56:44+00:00\",\"dateModified\":\"2023-10-04T08:02:39+00:00\",\"description\":\"N\u00e3o perca o dia a dia e as \u00faltimas novidades do Group Ige Internacional nas nossas redes sociales. Visite nosso LinkedIn, Instagram e Facebook!\",\"breadcrumb\":{\"@id\":\"https:\/\/groupige-international.com\/pt-pt\/sala-de-imprensa\/redes-sociais\/#breadcrumb\"},\"inLanguage\":\"pt-PT\",\"potentialAction\":[{\"@type\":\"ReadAction\",\"target\":[\"https:\/\/groupige-international.com\/pt-pt\/sala-de-imprensa\/redes-sociais\/\"]}]},{\"@type\":\"BreadcrumbList\",\"@id\":\"https:\/\/groupige-international.com\/pt-pt\/sala-de-imprensa\/redes-sociais\/#breadcrumb\",\"itemListElement\":[{\"@type\":\"ListItem\",\"position\":1,\"name\":\"Portada\",\"item\":\"https:\/\/groupige-international.com\/pt-pt\/\"},{\"@type\":\"ListItem\",\"position\":2,\"name\":\"Sala de imprensa\",\"item\":\"https:\/\/groupige-international.com\/pt-pt\/sala-de-imprensa\/\"},{\"@type\":\"ListItem\",\"position\":3,\"name\":\"Redes sociais\"}]},{\"@type\":\"WebSite\",\"@id\":\"https:\/\/groupige-international.com\/pt-pt\/#website\",\"url\":\"https:\/\/groupige-international.com\/pt-pt\/\",\"name\":\"groupIGE\",\"description\":\"\",\"publisher\":{\"@id\":\"https:\/\/groupige-international.com\/pt-pt\/#organization\"},\"potentialAction\":[{\"@type\":\"SearchAction\",\"target\":{\"@type\":\"EntryPoint\",\"urlTemplate\":\"https:\/\/groupige-international.com\/pt-pt\/?s={search_term_string}\"},\"query-input\":\"required name=search_term_string\"}],\"inLanguage\":\"pt-PT\"},{\"@type\":\"Organization\",\"@id\":\"https:\/\/groupige-international.com\/pt-pt\/#organization\",\"name\":\"groupIGE\",\"url\":\"https:\/\/groupige-international.com\/pt-pt\/\",\"logo\":{\"@type\":\"ImageObject\",\"inLanguage\":\"pt-PT\",\"@id\":\"https:\/\/groupige-international.com\/pt-pt\/#\/schema\/logo\/image\/\",\"url\":\"https:\/\/groupige-international.com\/wp-content\/uploads\/2024\/05\/groupigegooglec.jpg\",\"contentUrl\":\"https:\/\/groupige-international.com\/wp-content\/uploads\/2024\/05\/groupigegooglec.jpg\",\"width\":768,\"height\":768,\"caption\":\"groupIGE\"},\"image\":{\"@id\":\"https:\/\/groupige-international.com\/pt-pt\/#\/schema\/logo\/image\/\"}}]}<\/script>\n<!-- \/ Yoast SEO Premium plugin. -->","yoast_head_json":{"title":"Redes Sociais Group Ige Internacional","description":"N\u00e3o perca o dia a dia e as \u00faltimas novidades do Group Ige Internacional nas nossas redes sociales. Visite nosso LinkedIn, Instagram e Facebook!","robots":{"index":"index","follow":"follow","max-snippet":"max-snippet:-1","max-image-preview":"max-image-preview:large","max-video-preview":"max-video-preview:-1"},"canonical":"https:\/\/groupige-international.com\/pt-pt\/sala-de-imprensa\/redes-sociais\/","og_locale":"pt_PT","og_type":"article","og_title":"Redes sociais","og_description":"N\u00e3o perca o dia a dia e as \u00faltimas novidades do Group Ige Internacional nas nossas redes sociales. Visite nosso LinkedIn, Instagram e Facebook!","og_url":"https:\/\/groupige-international.com\/pt-pt\/sala-de-imprensa\/redes-sociais\/","og_site_name":"groupIGE","article_modified_time":"2023-10-04T08:02:39+00:00","og_image":[{"url":"https:\/\/groupige-international.com\/wp-content\/uploads\/2023\/08\/linkedin.jpg"}],"twitter_card":"summary_large_image","twitter_misc":{"Tempo estimado de leitura":"1 minuto"},"schema":{"@context":"https:\/\/schema.org","@graph":[{"@type":"WebPage","@id":"https:\/\/groupige-international.com\/pt-pt\/sala-de-imprensa\/redes-sociais\/","url":"https:\/\/groupige-international.com\/pt-pt\/sala-de-imprensa\/redes-sociais\/","name":"Redes Sociais Group Ige Internacional","isPartOf":{"@id":"https:\/\/groupige-international.com\/pt-pt\/#website"},"datePublished":"2023-08-17T09:56:44+00:00","dateModified":"2023-10-04T08:02:39+00:00","description":"N\u00e3o perca o dia a dia e as \u00faltimas novidades do Group Ige Internacional nas nossas redes sociales. Visite nosso LinkedIn, Instagram e Facebook!","breadcrumb":{"@id":"https:\/\/groupige-international.com\/pt-pt\/sala-de-imprensa\/redes-sociais\/#breadcrumb"},"inLanguage":"pt-PT","potentialAction":[{"@type":"ReadAction","target":["https:\/\/groupige-international.com\/pt-pt\/sala-de-imprensa\/redes-sociais\/"]}]},{"@type":"BreadcrumbList","@id":"https:\/\/groupige-international.com\/pt-pt\/sala-de-imprensa\/redes-sociais\/#breadcrumb","itemListElement":[{"@type":"ListItem","position":1,"name":"Portada","item":"https:\/\/groupige-international.com\/pt-pt\/"},{"@type":"ListItem","position":2,"name":"Sala de imprensa","item":"https:\/\/groupige-international.com\/pt-pt\/sala-de-imprensa\/"},{"@type":"ListItem","position":3,"name":"Redes sociais"}]},{"@type":"WebSite","@id":"https:\/\/groupige-international.com\/pt-pt\/#website","url":"https:\/\/groupige-international.com\/pt-pt\/","name":"groupIGE","description":"","publisher":{"@id":"https:\/\/groupige-international.com\/pt-pt\/#organization"},"potentialAction":[{"@type":"SearchAction","target":{"@type":"EntryPoint","urlTemplate":"https:\/\/groupige-international.com\/pt-pt\/?s={search_term_string}"},"query-input":"required name=search_term_string"}],"inLanguage":"pt-PT"},{"@type":"Organization","@id":"https:\/\/groupige-international.com\/pt-pt\/#organization","name":"groupIGE","url":"https:\/\/groupige-international.com\/pt-pt\/","logo":{"@type":"ImageObject","inLanguage":"pt-PT","@id":"https:\/\/groupige-international.com\/pt-pt\/#\/schema\/logo\/image\/","url":"https:\/\/groupige-international.com\/wp-content\/uploads\/2024\/05\/groupigegooglec.jpg","contentUrl":"https:\/\/groupige-international.com\/wp-content\/uploads\/2024\/05\/groupigegooglec.jpg","width":768,"height":768,"caption":"groupIGE"},"image":{"@id":"https:\/\/groupige-international.com\/pt-pt\/#\/schema\/logo\/image\/"}}]}},"_links":{"self":[{"href":"https:\/\/groupige-international.com\/pt-pt\/wp-json\/wp\/v2\/pages\/2488"}],"collection":[{"href":"https:\/\/groupige-international.com\/pt-pt\/wp-json\/wp\/v2\/pages"}],"about":[{"href":"https:\/\/groupige-international.com\/pt-pt\/wp-json\/wp\/v2\/types\/page"}],"author":[{"embeddable":true,"href":"https:\/\/groupige-international.com\/pt-pt\/wp-json\/wp\/v2\/users\/1"}],"replies":[{"embeddable":true,"href":"https:\/\/groupige-international.com\/pt-pt\/wp-json\/wp\/v2\/comments?post=2488"}],"version-history":[{"count":7,"href":"https:\/\/groupige-international.com\/pt-pt\/wp-json\/wp\/v2\/pages\/2488\/revisions"}],"predecessor-version":[{"id":2951,"href":"https:\/\/groupige-international.com\/pt-pt\/wp-json\/wp\/v2\/pages\/2488\/revisions\/2951"}],"up":[{"embeddable":true,"href":"https:\/\/groupige-international.com\/pt-pt\/wp-json\/wp\/v2\/pages\/2481"}],"wp:attachment":[{"href":"https:\/\/groupige-international.com\/pt-pt\/wp-json\/wp\/v2\/media?parent=2488"}],"curies":[{"name":"wp","href":"https:\/\/api.w.org\/{rel}","templated":true}]}}