{"id":2733,"date":"2023-08-17T11:59:13","date_gmt":"2023-08-17T09:59:13","guid":{"rendered":"https:\/\/groupige-international.com\/politica-de-privacidad\/"},"modified":"2025-04-09T12:17:23","modified_gmt":"2025-04-09T10:17:23","slug":"privacy-policy","status":"publish","type":"page","link":"https:\/\/groupige-international.com\/en\/privacy-policy\/","title":{"rendered":"Privacy Policy"},"content":{"rendered":"\t\t<div data-elementor-type=\"wp-page\" data-elementor-id=\"2733\" class=\"elementor elementor-2733 elementor-131\" data-elementor-post-type=\"page\">\n\t\t\t\t\t\t\t\t\t<section class=\"elementor-section elementor-top-section elementor-element elementor-element-22d3aa6 elementor-section-height-min-height elementor-section-boxed elementor-section-height-default elementor-section-items-middle\" data-id=\"22d3aa6\" data-element_type=\"section\" data-settings=\"{&quot;background_background&quot;:&quot;classic&quot;}\">\n\t\t\t\t\t\t<div class=\"elementor-container elementor-column-gap-default\">\n\t\t\t\t\t<div class=\"elementor-column elementor-col-100 elementor-top-column elementor-element elementor-element-274a7b5\" data-id=\"274a7b5\" data-element_type=\"column\">\n\t\t\t<div class=\"elementor-widget-wrap elementor-element-populated\">\n\t\t\t\t\t\t\t\t<section class=\"elementor-section elementor-inner-section elementor-element elementor-element-c496bb8 elementor-section-full_width elementor-section-height-default elementor-section-height-default\" data-id=\"c496bb8\" data-element_type=\"section\">\n\t\t\t\t\t\t<div class=\"elementor-container elementor-column-gap-default\">\n\t\t\t\t\t<div class=\"elementor-column elementor-col-50 elementor-inner-column elementor-element elementor-element-268cd78\" data-id=\"268cd78\" data-element_type=\"column\" data-settings=\"{&quot;background_background&quot;:&quot;classic&quot;}\">\n\t\t\t<div class=\"elementor-widget-wrap elementor-element-populated\">\n\t\t\t\t\t\t\t\t<div class=\"elementor-element elementor-element-e5aa4a0 elementor-widget elementor-widget-heading\" data-id=\"e5aa4a0\" data-element_type=\"widget\" data-widget_type=\"heading.default\">\n\t\t\t\t<div class=\"elementor-widget-container\">\n\t\t\t<style>\/*! elementor - v3.15.0 - 20-08-2023 *\/\n.elementor-heading-title{padding:0;margin:0;line-height:1}.elementor-widget-heading .elementor-heading-title[class*=elementor-size-]>a{color:inherit;font-size:inherit;line-height:inherit}.elementor-widget-heading .elementor-heading-title.elementor-size-small{font-size:15px}.elementor-widget-heading .elementor-heading-title.elementor-size-medium{font-size:19px}.elementor-widget-heading .elementor-heading-title.elementor-size-large{font-size:29px}.elementor-widget-heading .elementor-heading-title.elementor-size-xl{font-size:39px}.elementor-widget-heading .elementor-heading-title.elementor-size-xxl{font-size:59px}<\/style><h6 class=\"elementor-heading-title elementor-size-default\">T\u00e9rminos legales<\/h6>\t\t<\/div>\n\t\t\t\t<\/div>\n\t\t\t\t<div class=\"elementor-element elementor-element-4c614f1 elementor-widget elementor-widget-heading\" data-id=\"4c614f1\" data-element_type=\"widget\" data-widget_type=\"heading.default\">\n\t\t\t\t<div class=\"elementor-widget-container\">\n\t\t\t<h1 class=\"elementor-heading-title elementor-size-default\">Pol\u00edtica de Privacidad<\/h1>\t\t<\/div>\n\t\t\t\t<\/div>\n\t\t\t\t<div class=\"elementor-element elementor-element-597565e elementor-widget elementor-widget-heading\" data-id=\"597565e\" data-element_type=\"widget\" data-widget_type=\"heading.default\">\n\t\t\t\t<div class=\"elementor-widget-container\">\n\t\t\t<h2 class=\"elementor-heading-title elementor-size-default\">Toda la informaci\u00f3n legal<\/h2>\t\t<\/div>\n\t\t\t\t<\/div>\n\t\t\t\t\t<\/div>\n\t\t<\/div>\n\t\t\t\t<div class=\"elementor-column elementor-col-50 elementor-inner-column elementor-element elementor-element-96ac530\" data-id=\"96ac530\" data-element_type=\"column\">\n\t\t\t<div class=\"elementor-widget-wrap\">\n\t\t\t\t\t\t\t\t\t<\/div>\n\t\t<\/div>\n\t\t\t\t\t\t\t<\/div>\n\t\t<\/section>\n\t\t\t\t\t<\/div>\n\t\t<\/div>\n\t\t\t\t\t\t\t<\/div>\n\t\t<\/section>\n\t\t\t\t<section class=\"elementor-section elementor-top-section elementor-element elementor-element-2e32cf0 elementor-section-boxed elementor-section-height-default elementor-section-height-default\" data-id=\"2e32cf0\" data-element_type=\"section\" data-settings=\"{&quot;background_background&quot;:&quot;classic&quot;}\">\n\t\t\t\t\t\t<div class=\"elementor-container elementor-column-gap-default\">\n\t\t\t\t\t<div class=\"elementor-column elementor-col-100 elementor-top-column elementor-element elementor-element-45fb38a elementor-invisible\" data-id=\"45fb38a\" data-element_type=\"column\" data-settings=\"{&quot;animation&quot;:&quot;fadeInUp&quot;,&quot;animation_delay&quot;:1000}\">\n\t\t\t<div class=\"elementor-widget-wrap elementor-element-populated\">\n\t\t\t\t\t\t\t\t<div class=\"elementor-element elementor-element-5ba0466 elementor-widget elementor-widget-heading\" data-id=\"5ba0466\" data-element_type=\"widget\" data-widget_type=\"heading.default\">\n\t\t\t\t<div class=\"elementor-widget-container\">\n\t\t\t<h6 class=\"elementor-heading-title elementor-size-default\">GRUPO IGE<\/h6>\t\t<\/div>\n\t\t\t\t<\/div>\n\t\t\t\t<div class=\"elementor-element elementor-element-b055e95 elementor-widget-divider--view-line elementor-invisible elementor-widget elementor-widget-divider\" data-id=\"b055e95\" data-element_type=\"widget\" data-settings=\"{&quot;_animation&quot;:&quot;fadeInLeft&quot;,&quot;_animation_delay&quot;:300}\" data-widget_type=\"divider.default\">\n\t\t\t\t<div class=\"elementor-widget-container\">\n\t\t\t<style>\/*! elementor - v3.15.0 - 20-08-2023 *\/\n.elementor-widget-divider{--divider-border-style:none;--divider-border-width:1px;--divider-color:#0c0d0e;--divider-icon-size:20px;--divider-element-spacing:10px;--divider-pattern-height:24px;--divider-pattern-size:20px;--divider-pattern-url:none;--divider-pattern-repeat:repeat-x}.elementor-widget-divider .elementor-divider{display:flex}.elementor-widget-divider .elementor-divider__text{font-size:15px;line-height:1;max-width:95%}.elementor-widget-divider .elementor-divider__element{margin:0 var(--divider-element-spacing);flex-shrink:0}.elementor-widget-divider .elementor-icon{font-size:var(--divider-icon-size)}.elementor-widget-divider .elementor-divider-separator{display:flex;margin:0;direction:ltr}.elementor-widget-divider--view-line_icon .elementor-divider-separator,.elementor-widget-divider--view-line_text .elementor-divider-separator{align-items:center}.elementor-widget-divider--view-line_icon .elementor-divider-separator:after,.elementor-widget-divider--view-line_icon .elementor-divider-separator:before,.elementor-widget-divider--view-line_text .elementor-divider-separator:after,.elementor-widget-divider--view-line_text .elementor-divider-separator:before{display:block;content:\"\";border-bottom:0;flex-grow:1;border-top:var(--divider-border-width) var(--divider-border-style) var(--divider-color)}.elementor-widget-divider--element-align-left .elementor-divider .elementor-divider-separator>.elementor-divider__svg:first-of-type{flex-grow:0;flex-shrink:100}.elementor-widget-divider--element-align-left .elementor-divider-separator:before{content:none}.elementor-widget-divider--element-align-left .elementor-divider__element{margin-left:0}.elementor-widget-divider--element-align-right .elementor-divider .elementor-divider-separator>.elementor-divider__svg:last-of-type{flex-grow:0;flex-shrink:100}.elementor-widget-divider--element-align-right .elementor-divider-separator:after{content:none}.elementor-widget-divider--element-align-right .elementor-divider__element{margin-right:0}.elementor-widget-divider:not(.elementor-widget-divider--view-line_text):not(.elementor-widget-divider--view-line_icon) .elementor-divider-separator{border-top:var(--divider-border-width) var(--divider-border-style) var(--divider-color)}.elementor-widget-divider--separator-type-pattern{--divider-border-style:none}.elementor-widget-divider--separator-type-pattern.elementor-widget-divider--view-line .elementor-divider-separator,.elementor-widget-divider--separator-type-pattern:not(.elementor-widget-divider--view-line) .elementor-divider-separator:after,.elementor-widget-divider--separator-type-pattern:not(.elementor-widget-divider--view-line) .elementor-divider-separator:before,.elementor-widget-divider--separator-type-pattern:not([class*=elementor-widget-divider--view]) .elementor-divider-separator{width:100%;min-height:var(--divider-pattern-height);-webkit-mask-size:var(--divider-pattern-size) 100%;mask-size:var(--divider-pattern-size) 100%;-webkit-mask-repeat:var(--divider-pattern-repeat);mask-repeat:var(--divider-pattern-repeat);background-color:var(--divider-color);-webkit-mask-image:var(--divider-pattern-url);mask-image:var(--divider-pattern-url)}.elementor-widget-divider--no-spacing{--divider-pattern-size:auto}.elementor-widget-divider--bg-round{--divider-pattern-repeat:round}.rtl .elementor-widget-divider .elementor-divider__text{direction:rtl}.e-con-inner>.elementor-widget-divider,.e-con>.elementor-widget-divider{width:var(--container-widget-width,100%);--flex-grow:var(--container-widget-flex-grow)}<\/style>\t\t<div class=\"elementor-divider\">\n\t\t\t<span class=\"elementor-divider-separator\">\n\t\t\t\t\t\t<\/span>\n\t\t<\/div>\n\t\t\t\t<\/div>\n\t\t\t\t<\/div>\n\t\t\t\t<div class=\"elementor-element elementor-element-04a081d elementor-widget elementor-widget-heading\" data-id=\"04a081d\" data-element_type=\"widget\" data-widget_type=\"heading.default\">\n\t\t\t\t<div class=\"elementor-widget-container\">\n\t\t\t<h2 class=\"elementor-heading-title elementor-size-default\">Pol\u00edtica de Privacidad<\/h2>\t\t<\/div>\n\t\t\t\t<\/div>\n\t\t\t\t<div class=\"elementor-element elementor-element-3fb1df1 elementor-widget elementor-widget-spacer\" data-id=\"3fb1df1\" data-element_type=\"widget\" data-widget_type=\"spacer.default\">\n\t\t\t\t<div class=\"elementor-widget-container\">\n\t\t\t<style>\/*! elementor - v3.15.0 - 20-08-2023 *\/\n.elementor-column .elementor-spacer-inner{height:var(--spacer-size)}.e-con{--container-widget-width:100%}.e-con-inner>.elementor-widget-spacer,.e-con>.elementor-widget-spacer{width:var(--container-widget-width,var(--spacer-size));--align-self:var(--container-widget-align-self,initial);--flex-shrink:0}.e-con-inner>.elementor-widget-spacer>.elementor-widget-container,.e-con-inner>.elementor-widget-spacer>.elementor-widget-container>.elementor-spacer,.e-con>.elementor-widget-spacer>.elementor-widget-container,.e-con>.elementor-widget-spacer>.elementor-widget-container>.elementor-spacer{height:100%}.e-con-inner>.elementor-widget-spacer>.elementor-widget-container>.elementor-spacer>.elementor-spacer-inner,.e-con>.elementor-widget-spacer>.elementor-widget-container>.elementor-spacer>.elementor-spacer-inner{height:var(--container-widget-height,var(--spacer-size))}<\/style>\t\t<div class=\"elementor-spacer\">\n\t\t\t<div class=\"elementor-spacer-inner\"><\/div>\n\t\t<\/div>\n\t\t\t\t<\/div>\n\t\t\t\t<\/div>\n\t\t\t\t<div class=\"elementor-element elementor-element-ed90dda elementor-widget elementor-widget-text-editor\" data-id=\"ed90dda\" data-element_type=\"widget\" data-widget_type=\"text-editor.default\">\n\t\t\t\t<div class=\"elementor-widget-container\">\n\t\t\t<style>\/*! elementor - v3.15.0 - 20-08-2023 *\/\n.elementor-widget-text-editor.elementor-drop-cap-view-stacked .elementor-drop-cap{background-color:#69727d;color:#fff}.elementor-widget-text-editor.elementor-drop-cap-view-framed .elementor-drop-cap{color:#69727d;border:3px solid;background-color:transparent}.elementor-widget-text-editor:not(.elementor-drop-cap-view-default) .elementor-drop-cap{margin-top:8px}.elementor-widget-text-editor:not(.elementor-drop-cap-view-default) .elementor-drop-cap-letter{width:1em;height:1em}.elementor-widget-text-editor .elementor-drop-cap{float:left;text-align:center;line-height:1;font-size:50px}.elementor-widget-text-editor .elementor-drop-cap-letter{display:inline-block}<\/style>\t\t\t\t<p><strong>Responsable del tratamiento<\/strong><\/p><p>El responsable del tratamiento de los datos recabados es Isidoro Grupo Empresarial, S.L. con NIF B37565116 (en adelante Grupo IGE) y domicilio en Calle Arco n\u00famero 2, Entreplanta oficina 3, 37002, Salamanca titular del Sitio Web https:\/\/groupige.com\/.<\/p><p>La presente Pol\u00edtica de Privacidad regula la recogida y tratamiento de los datos personales que sean proporcionados por los Usuarios, cuando accedan, naveguen o hagan uso de las funcionalidades del Sitio Web.<\/p><p><strong>Recogida de datos, finalidades, base de legitimaci\u00f3n y plazos de conservaci\u00f3n:<\/strong><\/p><p>a. <u>Contacto<\/u>: El Usuario puede ponerse en contacto, a trav\u00e9s de los formularios establecidos a tal efecto en el Sitio Web. Deber\u00e1 facilitar sus datos identificativos, as\u00ed como el motivo, asunto o cuesti\u00f3n. Grupo IGE utilizar\u00e1 esos datos para tramitar la consulta y contactar con el Usuario.<br \/>La base jur\u00eddica del tratamiento de tales datos se sustenta en el consentimiento del Usuario.<br \/>El plazo de conservaci\u00f3n de los datos para esta finalidad ser\u00e1 un a\u00f1o, salvo que sean aplicables otros plazos.<\/p><p>b. <u>Recursos humanos<\/u>: El Usuario puede ponerse en contacto a trav\u00e9s del Sitio Web con Grupo IGE, para formar parte de los procesos de selecci\u00f3n que se est\u00e9n llevando a cabo o inscribirse en las candidaturas disponibles. Para ello deber\u00e1 proporcionar sus datos identificativos, as\u00ed como aquellos referidos a su formaci\u00f3n profesional. Tales datos ser\u00e1n utilizados para incluir al Usuario dentro de los procesos de selecci\u00f3n de las ofertas de trabajo activas.<br \/>La base jur\u00eddica del tratamiento de tales datos se sustenta en el consentimiento del Usuario.<br \/>El plazo de conservaci\u00f3n de los datos ser\u00e1 de un a\u00f1o.<\/p><p>c. <u>Cookies<\/u>: El Sitio Web dispone de tecnolog\u00eda para la implantaci\u00f3n de archivos denominados cookies en el equipo que sea utilizado para el acceso y navegaci\u00f3n por el Sitio Web. Las cookies pueden ser bloqueadas o deshabilitadas en cualquier momento a trav\u00e9s de las opciones de configuraci\u00f3n del navegador. Si desea m\u00e1s informaci\u00f3n puede consultar nuestra pol\u00edtica de Cookies.<\/p><p>La base jur\u00eddica del tratamiento de tales datos se sustenta en el consentimiento del Usuario.<\/p><p><strong>Ejercicio de derechos<\/strong><\/p><p>Asimismo, el Usuario puede revocar el consentimiento para el tratamiento, haciendo ejercicio de los derechos de acceso, rectificaci\u00f3n, supresi\u00f3n, portabilidad, oposici\u00f3n y limitaci\u00f3n al tratamiento, poni\u00e9ndolo en conocimiento de Grupo IGE a trav\u00e9s de un correo electr\u00f3nico dirigido a geral@groupige.com o indic\u00e1ndolo a la direccio\u0301n arriba indicada, se\u00f1alando como asunto &#8220;Protecci\u00f3n de Datos&#8221;. En alguna ocasi\u00f3n especial, podremos solicitar al Usuario que acredite su identidad mediante documento oficial, por ejemplo para evitar el acceso a sus datos por parte de terceros.<\/p><p>Por ultimo, el Usuario podr\u00e1 comunicar cualquier modificaci\u00f3n por escrito o solicitar la baja, indic\u00e1ndolo en cualquiera de las direcciones facilitadas.<\/p><p>En cualquier momento, el Usuario podr\u00e1 presentar una reclamaci\u00f3n ante la Agencia Espa\u00f1ola de Protecci\u00f3n de Datos para hacer valer sus derechos.<\/p><p><strong>Modificaci\u00f3n de la Pol\u00edtica de privacidad<\/strong><\/p><p>Grupo IGE se reserva el derecho de modificar en cualquier momento su pol\u00edtica de privacidad, respetando la legislaci\u00f3n vigente en materia de protecci\u00f3n de datos y previa la debida comunicaci\u00f3n a los interesados.<\/p><p><strong>Idioma aplicable a la presente pol\u00edtica de privacidad<\/strong><\/p><p>El idioma aplicable a esta Pol\u00edtica de Privacidad es el espa\u00f1ol. Cualquier versi\u00f3n de la misma en idioma distinto es ofrecida para comodidad del Usuario y para facilitar su comprensi\u00f3n. No obstante, esta Pol\u00edtica de Privacidad se regir\u00e1 siempre por su versi\u00f3n en espa\u00f1ol.<\/p><p>En caso de contradicci\u00f3n entre la Pol\u00edtica de Privacidad en cualquier idioma y su versi\u00f3n en espa\u00f1ol, prevalecer\u00e1 la versi\u00f3n en espa\u00f1ol.<\/p>\t\t\t\t\t\t<\/div>\n\t\t\t\t<\/div>\n\t\t\t\t<div class=\"elementor-element elementor-element-4d4ea73 elementor-widget elementor-widget-spacer\" data-id=\"4d4ea73\" data-element_type=\"widget\" data-widget_type=\"spacer.default\">\n\t\t\t\t<div class=\"elementor-widget-container\">\n\t\t\t\t\t<div class=\"elementor-spacer\">\n\t\t\t<div class=\"elementor-spacer-inner\"><\/div>\n\t\t<\/div>\n\t\t\t\t<\/div>\n\t\t\t\t<\/div>\n\t\t\t\t\t<\/div>\n\t\t<\/div>\n\t\t\t\t\t\t\t<\/div>\n\t\t<\/section>\n\t\t\t\t\t\t\t<\/div>\n\t\t","protected":false},"excerpt":{"rendered":"<p>T\u00e9rminos legales Pol\u00edtica de Privacidad Toda la informaci\u00f3n legal GRUPO IGE Pol\u00edtica de Privacidad Responsable del tratamiento El responsable del tratamiento de los datos recabados es Isidoro Grupo Empresarial, S.L. con NIF B37565116 (en adelante Grupo IGE) y domicilio en Calle Arco n\u00famero 2, Entreplanta oficina 3, 37002, Salamanca titular del Sitio Web https:\/\/groupige.com\/. La [&hellip;]<\/p>\n","protected":false},"author":1,"featured_media":0,"parent":0,"menu_order":0,"comment_status":"closed","ping_status":"closed","template":"","meta":{"footnotes":""},"acf":[],"yoast_head":"<!-- This site is optimized with the Yoast SEO Premium plugin v20.3 (Yoast SEO v21.1) - https:\/\/yoast.com\/wordpress\/plugins\/seo\/ -->\n<title>Privacy Policy - groupIGE<\/title>\n<meta name=\"robots\" content=\"noindex, nofollow\" \/>\n<meta property=\"og:locale\" content=\"en_US\" \/>\n<meta property=\"og:type\" content=\"article\" \/>\n<meta property=\"og:title\" content=\"Privacy Policy\" \/>\n<meta property=\"og:description\" content=\"T\u00e9rminos legales Pol\u00edtica de Privacidad Toda la informaci\u00f3n legal GRUPO IGE Pol\u00edtica de Privacidad Responsable del tratamiento El responsable del tratamiento de los datos recabados es Isidoro Grupo Empresarial, S.L. con NIF B37565116 (en adelante Grupo IGE) y domicilio en Calle Arco n\u00famero 2, Entreplanta oficina 3, 37002, Salamanca titular del Sitio Web https:\/\/groupige.com\/. La [&hellip;]\" \/>\n<meta property=\"og:url\" content=\"https:\/\/groupige-international.com\/en\/privacy-policy\/\" \/>\n<meta property=\"og:site_name\" content=\"groupIGE\" \/>\n<meta property=\"article:modified_time\" content=\"2025-04-09T10:17:23+00:00\" \/>\n<meta property=\"og:image\" content=\"https:\/\/groupige-international.com\/wp-content\/uploads\/2024\/05\/groupigegoogle.jpg\" \/>\n\t<meta property=\"og:image:width\" content=\"1200\" \/>\n\t<meta property=\"og:image:height\" content=\"675\" \/>\n\t<meta property=\"og:image:type\" content=\"image\/jpeg\" \/>\n<meta name=\"twitter:card\" content=\"summary_large_image\" \/>\n<meta name=\"twitter:label1\" content=\"Est. reading time\" \/>\n\t<meta name=\"twitter:data1\" content=\"3 minutes\" \/>\n<script type=\"application\/ld+json\" class=\"yoast-schema-graph\">{\"@context\":\"https:\/\/schema.org\",\"@graph\":[{\"@type\":\"WebPage\",\"@id\":\"https:\/\/groupige-international.com\/en\/privacy-policy\/\",\"url\":\"https:\/\/groupige-international.com\/en\/privacy-policy\/\",\"name\":\"Privacy Policy - groupIGE\",\"isPartOf\":{\"@id\":\"https:\/\/groupige-international.com\/en\/#website\"},\"datePublished\":\"2023-08-17T09:59:13+00:00\",\"dateModified\":\"2025-04-09T10:17:23+00:00\",\"breadcrumb\":{\"@id\":\"https:\/\/groupige-international.com\/en\/privacy-policy\/#breadcrumb\"},\"inLanguage\":\"en-US\",\"potentialAction\":[{\"@type\":\"ReadAction\",\"target\":[\"https:\/\/groupige-international.com\/en\/privacy-policy\/\"]}]},{\"@type\":\"BreadcrumbList\",\"@id\":\"https:\/\/groupige-international.com\/en\/privacy-policy\/#breadcrumb\",\"itemListElement\":[{\"@type\":\"ListItem\",\"position\":1,\"name\":\"Portada\",\"item\":\"https:\/\/groupige-international.com\/en\/\"},{\"@type\":\"ListItem\",\"position\":2,\"name\":\"Privacy Policy\"}]},{\"@type\":\"WebSite\",\"@id\":\"https:\/\/groupige-international.com\/en\/#website\",\"url\":\"https:\/\/groupige-international.com\/en\/\",\"name\":\"groupIGE\",\"description\":\"\",\"publisher\":{\"@id\":\"https:\/\/groupige-international.com\/en\/#organization\"},\"potentialAction\":[{\"@type\":\"SearchAction\",\"target\":{\"@type\":\"EntryPoint\",\"urlTemplate\":\"https:\/\/groupige-international.com\/en\/?s={search_term_string}\"},\"query-input\":\"required name=search_term_string\"}],\"inLanguage\":\"en-US\"},{\"@type\":\"Organization\",\"@id\":\"https:\/\/groupige-international.com\/en\/#organization\",\"name\":\"groupIGE\",\"url\":\"https:\/\/groupige-international.com\/en\/\",\"logo\":{\"@type\":\"ImageObject\",\"inLanguage\":\"en-US\",\"@id\":\"https:\/\/groupige-international.com\/en\/#\/schema\/logo\/image\/\",\"url\":\"https:\/\/groupige-international.com\/wp-content\/uploads\/2024\/05\/groupigegooglec.jpg\",\"contentUrl\":\"https:\/\/groupige-international.com\/wp-content\/uploads\/2024\/05\/groupigegooglec.jpg\",\"width\":768,\"height\":768,\"caption\":\"groupIGE\"},\"image\":{\"@id\":\"https:\/\/groupige-international.com\/en\/#\/schema\/logo\/image\/\"}}]}<\/script>\n<!-- \/ Yoast SEO Premium plugin. -->","yoast_head_json":{"title":"Privacy Policy - groupIGE","robots":{"index":"noindex","follow":"nofollow"},"og_locale":"en_US","og_type":"article","og_title":"Privacy Policy","og_description":"T\u00e9rminos legales Pol\u00edtica de Privacidad Toda la informaci\u00f3n legal GRUPO IGE Pol\u00edtica de Privacidad Responsable del tratamiento El responsable del tratamiento de los datos recabados es Isidoro Grupo Empresarial, S.L. con NIF B37565116 (en adelante Grupo IGE) y domicilio en Calle Arco n\u00famero 2, Entreplanta oficina 3, 37002, Salamanca titular del Sitio Web https:\/\/groupige.com\/. La [&hellip;]","og_url":"https:\/\/groupige-international.com\/en\/privacy-policy\/","og_site_name":"groupIGE","article_modified_time":"2025-04-09T10:17:23+00:00","og_image":[{"width":1200,"height":675,"url":"https:\/\/groupige-international.com\/wp-content\/uploads\/2024\/05\/groupigegoogle.jpg","type":"image\/jpeg"}],"twitter_card":"summary_large_image","twitter_misc":{"Est. reading time":"3 minutes"},"schema":{"@context":"https:\/\/schema.org","@graph":[{"@type":"WebPage","@id":"https:\/\/groupige-international.com\/en\/privacy-policy\/","url":"https:\/\/groupige-international.com\/en\/privacy-policy\/","name":"Privacy Policy - groupIGE","isPartOf":{"@id":"https:\/\/groupige-international.com\/en\/#website"},"datePublished":"2023-08-17T09:59:13+00:00","dateModified":"2025-04-09T10:17:23+00:00","breadcrumb":{"@id":"https:\/\/groupige-international.com\/en\/privacy-policy\/#breadcrumb"},"inLanguage":"en-US","potentialAction":[{"@type":"ReadAction","target":["https:\/\/groupige-international.com\/en\/privacy-policy\/"]}]},{"@type":"BreadcrumbList","@id":"https:\/\/groupige-international.com\/en\/privacy-policy\/#breadcrumb","itemListElement":[{"@type":"ListItem","position":1,"name":"Portada","item":"https:\/\/groupige-international.com\/en\/"},{"@type":"ListItem","position":2,"name":"Privacy Policy"}]},{"@type":"WebSite","@id":"https:\/\/groupige-international.com\/en\/#website","url":"https:\/\/groupige-international.com\/en\/","name":"groupIGE","description":"","publisher":{"@id":"https:\/\/groupige-international.com\/en\/#organization"},"potentialAction":[{"@type":"SearchAction","target":{"@type":"EntryPoint","urlTemplate":"https:\/\/groupige-international.com\/en\/?s={search_term_string}"},"query-input":"required name=search_term_string"}],"inLanguage":"en-US"},{"@type":"Organization","@id":"https:\/\/groupige-international.com\/en\/#organization","name":"groupIGE","url":"https:\/\/groupige-international.com\/en\/","logo":{"@type":"ImageObject","inLanguage":"en-US","@id":"https:\/\/groupige-international.com\/en\/#\/schema\/logo\/image\/","url":"https:\/\/groupige-international.com\/wp-content\/uploads\/2024\/05\/groupigegooglec.jpg","contentUrl":"https:\/\/groupige-international.com\/wp-content\/uploads\/2024\/05\/groupigegooglec.jpg","width":768,"height":768,"caption":"groupIGE"},"image":{"@id":"https:\/\/groupige-international.com\/en\/#\/schema\/logo\/image\/"}}]}},"_links":{"self":[{"href":"https:\/\/groupige-international.com\/en\/wp-json\/wp\/v2\/pages\/2733"}],"collection":[{"href":"https:\/\/groupige-international.com\/en\/wp-json\/wp\/v2\/pages"}],"about":[{"href":"https:\/\/groupige-international.com\/en\/wp-json\/wp\/v2\/types\/page"}],"author":[{"embeddable":true,"href":"https:\/\/groupige-international.com\/en\/wp-json\/wp\/v2\/users\/1"}],"replies":[{"embeddable":true,"href":"https:\/\/groupige-international.com\/en\/wp-json\/wp\/v2\/comments?post=2733"}],"version-history":[{"count":7,"href":"https:\/\/groupige-international.com\/en\/wp-json\/wp\/v2\/pages\/2733\/revisions"}],"predecessor-version":[{"id":3443,"href":"https:\/\/groupige-international.com\/en\/wp-json\/wp\/v2\/pages\/2733\/revisions\/3443"}],"wp:attachment":[{"href":"https:\/\/groupige-international.com\/en\/wp-json\/wp\/v2\/media?parent=2733"}],"curies":[{"name":"wp","href":"https:\/\/api.w.org\/{rel}","templated":true}]}}